{"id":513,"date":"2021-05-11T10:17:13","date_gmt":"2021-05-11T10:17:13","guid":{"rendered":"https:\/\/seguridadaraucania.cl\/index.php\/services\/"},"modified":"2023-11-12T03:37:27","modified_gmt":"2023-11-12T02:37:27","slug":"servicios","status":"publish","type":"page","link":"https:\/\/seguridadaraucania.cl\/index.php\/servicios\/","title":{"rendered":"Servicios"},"content":{"rendered":"\n<div class=\"wp-block-uagb-container uagb-block-0132facb alignfull uagb-is-root-container\"><div class=\"uagb-container-inner-blocks-wrap\">\n<div class=\"wp-block-uagb-advanced-heading uagb-block-9b141849\"><h1 class=\"uagb-heading-text\">Servicios<\/h1><div class=\"uagb-separator\"><\/div><\/div>\n<\/div><\/div>\n\n\n\n<div class=\"wp-block-uagb-container uagb-block-4f2b1569 alignfull uagb-is-root-container\"><div class=\"uagb-container-inner-blocks-wrap\">\n<div class=\"wp-block-uagb-info-box uagb-block-ee769703 uagb-infobox__content-wrap  uagb-infobox-icon-above-title uagb-infobox-image-valign-top\"><div class=\"uagb-ifb-content\"><div class=\"uagb-ifb-icon-wrap\"><svg xmlns=\"https:\/\/www.w3.org\/2000\/svg\" viewBox=\"0 0 640 512\"><path d=\"M319.9 320c57.41 0 103.1-46.56 103.1-104c0-57.44-46.54-104-103.1-104c-57.41 0-103.1 46.56-103.1 104C215.9 273.4 262.5 320 319.9 320zM369.9 352H270.1C191.6 352 128 411.7 128 485.3C128 500.1 140.7 512 156.4 512h327.2C499.3 512 512 500.1 512 485.3C512 411.7 448.4 352 369.9 352zM512 160c44.18 0 80-35.82 80-80S556.2 0 512 0c-44.18 0-80 35.82-80 80S467.8 160 512 160zM183.9 216c0-5.449 .9824-10.63 1.609-15.91C174.6 194.1 162.6 192 149.9 192H88.08C39.44 192 0 233.8 0 285.3C0 295.6 7.887 304 17.62 304h199.5C196.7 280.2 183.9 249.7 183.9 216zM128 160c44.18 0 80-35.82 80-80S172.2 0 128 0C83.82 0 48 35.82 48 80S83.82 160 128 160zM551.9 192h-61.84c-12.8 0-24.88 3.037-35.86 8.24C454.8 205.5 455.8 210.6 455.8 216c0 33.71-12.78 64.21-33.16 88h199.7C632.1 304 640 295.6 640 285.3C640 233.8 600.6 192 551.9 192z\"><\/path><\/svg><\/div><div class=\"uagb-ifb-title-wrap\"><h4 class=\"uagb-ifb-title\">Vigilancia en el Sitio <\/h4><\/div><p class=\"uagb-ifb-desc\">la vigilancia en el sitio busca prevenir problemas y proteger a las personas y los lugares. Se utiliza tecnolog\u00eda y personal para estar al tanto de lo que sucede, de manera que se pueda actuar r\u00e1pidamente si es necesario y mantener un entorno seguro para todos.<br><br><\/p><\/div><\/div>\n\n\n\n<div class=\"wp-block-uagb-info-box uagb-block-5774c379 uagb-infobox__content-wrap  uagb-infobox-icon-above-title uagb-infobox-image-valign-top\"><div class=\"uagb-ifb-content\"><div class=\"uagb-ifb-icon-wrap\"><svg xmlns=\"https:\/\/www.w3.org\/2000\/svg\" viewBox=\"0 0 512 512\"><path d=\"M165.4 32H346.6C387.4 32 423.7 57.78 437.2 96.29L472.4 196.8C495.6 206.4 512 229.3 512 256V336C512 359.7 499.1 380.4 480 391.4V448C480 465.7 465.7 480 448 480H416C398.3 480 384 465.7 384 448V400H128V448C128 465.7 113.7 480 96 480H64C46.33 480 32 465.7 32 448V391.4C12.87 380.4 0 359.7 0 336V256C0 229.3 16.36 206.4 39.61 196.8L74.8 96.29C88.27 57.78 124.6 32 165.4 32V32zM165.4 96C151.8 96 139.7 104.6 135.2 117.4L109.1 192H402.9L376.8 117.4C372.3 104.6 360.2 96 346.6 96H165.4zM208 272C199.2 272 192 279.2 192 288V320C192 328.8 199.2 336 208 336H304C312.8 336 320 328.8 320 320V288C320 279.2 312.8 272 304 272H208zM72 304H104C117.3 304 128 293.3 128 280C128 266.7 117.3 256 104 256H72C58.75 256 48 266.7 48 280C48 293.3 58.75 304 72 304zM408 256C394.7 256 384 266.7 384 280C384 293.3 394.7 304 408 304H440C453.3 304 464 293.3 464 280C464 266.7 453.3 256 440 256H408z\"><\/path><\/svg><\/div><div class=\"uagb-ifb-title-wrap\"><h4 class=\"uagb-ifb-title\">Vigilancia M\u00f3vil<\/h4><\/div><p class=\"uagb-ifb-desc\">se trata de seguir y monitorear personas, veh\u00edculos u objetos mientras se desplazan, utilizando tecnolog\u00eda especializada. Su objetivo es obtener informaci\u00f3n en tiempo real para tomar decisiones adecuadas y garantizar la seguridad en movimiento.<br><br><br><\/p><\/div><\/div>\n\n\n\n<div class=\"wp-block-uagb-info-box uagb-block-d97bbbde uagb-infobox__content-wrap  uagb-infobox-icon-above-title uagb-infobox-image-valign-top\"><div class=\"uagb-ifb-content\"><div class=\"uagb-ifb-icon-wrap\"><svg xmlns=\"https:\/\/www.w3.org\/2000\/svg\" viewBox=\"0 0 448 512\"><path d=\"M160 80C160 112.8 140.3 140.1 112 153.3V241.1C130.8 230.2 152.7 224 176 224H272C307.3 224 336 195.3 336 160V153.3C307.7 140.1 288 112.8 288 80C288 35.82 323.8 0 368 0C412.2 0 448 35.82 448 80C448 112.8 428.3 140.1 400 153.3V160C400 230.7 342.7 288 272 288H176C140.7 288 112 316.7 112 352V358.7C140.3 371 160 399.2 160 432C160 476.2 124.2 512 80 512C35.82 512 0 476.2 0 432C0 399.2 19.75 371 48 358.7V153.3C19.75 140.1 0 112.8 0 80C0 35.82 35.82 0 80 0C124.2 0 160 35.82 160 80V80zM80 104C93.25 104 104 93.25 104 80C104 66.75 93.25 56 80 56C66.75 56 56 66.75 56 80C56 93.25 66.75 104 80 104zM368 56C354.7 56 344 66.75 344 80C344 93.25 354.7 104 368 104C381.3 104 392 93.25 392 80C392 66.75 381.3 56 368 56zM80 456C93.25 456 104 445.3 104 432C104 418.7 93.25 408 80 408C66.75 408 56 418.7 56 432C56 445.3 66.75 456 80 456z\"><\/path><\/svg><\/div><div class=\"uagb-ifb-title-wrap\"><h4 class=\"uagb-ifb-title\">Vigilancia Remota<\/h4><\/div><p class=\"uagb-ifb-desc\">consiste en observar y monitorear actividades a distancia utilizando tecnolog\u00eda y herramientas de comunicaci\u00f3n. Su objetivo es mantener la seguridad y protecci\u00f3n de un lugar sin necesidad de estar f\u00edsicamente all\u00ed, permitiendo tomar acciones adecuadas en tiempo real para garantizar un entorno seguro.<br><\/p><\/div><\/div>\n<\/div><\/div>\n\n\n\n<div class=\"wp-block-uagb-container uagb-block-2f9343e9 alignfull uagb-is-root-container\"><div class=\"uagb-container-inner-blocks-wrap\">\n<div class=\"wp-block-uagb-container uagb-block-5210ffb1\">\n<div class=\"wp-block-uagb-container uagb-block-88fe0bf2\">\n<div class=\"wp-block-uagb-image uagb-block-f1dba18f wp-block-uagb-image--layout-default wp-block-uagb-image--effect-static wp-block-uagb-image--align-none\"><figure class=\"wp-block-uagb-image__figure\"><img decoding=\"async\"  sizes=\"auto, (max-width: 480px) 150px\" src=\"https:\/\/seguridadaraucania.cl\/wp-content\/uploads\/2021\/05\/security-service-service-img-1.jpg\" alt=\"\" width=\"600\" height=\"400\" title=\"\" loading=\"lazy\"\/><\/figure><\/div>\n<\/div>\n\n\n\n<div class=\"wp-block-uagb-advanced-heading uagb-block-ce659c0b\"><h3 class=\"uagb-heading-text\">Access Solutions\u200b<\/h3><p class=\"uagb-desc-text\">Pellentesque gravida iaculis amet, amet dignissim netus ac eget porttitor malesuada quisque habitant mauris, sed vestibulum convallis vel dignissim arcu lectus nunc vulputate vitae adipiscing amet nisl ultrices quam mattis blandit.\u200b<\/p><\/div>\n<\/div>\n\n\n\n<div class=\"wp-block-uagb-container uagb-block-84c26800\">\n<div class=\"wp-block-uagb-advanced-heading uagb-block-0d5e9331\"><h3 class=\"uagb-heading-text\">Alarm Systems\u200b<\/h3><p class=\"uagb-desc-text\">Pharetra nulla netus feugiat lectus sit dictum ut adipiscing commodo at purus sagittis diam ut ut turpis quam in ultricies cras et urna nunc, amet ac nunc, curabitur quam dictum sit ut nec placerat massa dictumst tristique maecenas pellentesque bibendum sed.\u200b<\/p><\/div>\n\n\n\n<div class=\"wp-block-uagb-container uagb-block-516441f2\">\n<div class=\"wp-block-uagb-image uagb-block-fadb7492 wp-block-uagb-image--layout-default wp-block-uagb-image--effect-static wp-block-uagb-image--align-none\"><figure class=\"wp-block-uagb-image__figure\"><img decoding=\"async\"  sizes=\"auto, (max-width: 480px) 150px\" src=\"https:\/\/seguridadaraucania.cl\/wp-content\/uploads\/2021\/05\/security-service-service-img-2.jpg\" alt=\"\" width=\"600\" height=\"400\" title=\"\" loading=\"lazy\"\/><\/figure><\/div>\n<\/div>\n<\/div>\n\n\n\n<div class=\"wp-block-uagb-container uagb-block-a10c104f\">\n<div class=\"wp-block-uagb-container uagb-block-9c7a5daa\">\n<div class=\"wp-block-uagb-image uagb-block-12245c31 wp-block-uagb-image--layout-default wp-block-uagb-image--effect-static wp-block-uagb-image--align-none\"><figure class=\"wp-block-uagb-image__figure\"><img decoding=\"async\"  sizes=\"auto, (max-width: 480px) 150px\" src=\"https:\/\/seguridadaraucania.cl\/wp-content\/uploads\/2021\/05\/security-service-service-img-3.jpg\" alt=\"\" width=\"600\" height=\"400\" title=\"\" loading=\"lazy\"\/><\/figure><\/div>\n<\/div>\n\n\n\n<div class=\"wp-block-uagb-advanced-heading uagb-block-31b1a1b5\"><h3 class=\"uagb-heading-text\">Buzzers\u200b<\/h3><p class=\"uagb-desc-text\">Condimentum massa aliquam nec eget iaculis integer eu, amet purus, vel eget nunc, sed lectus et quis quam sit felis at in morbi nibh non, at ultrices commodo egestas amet, porttitor habitasse donec elementum duis amet pretium.\u200b<\/p><\/div>\n<\/div>\n\n\n\n<div class=\"wp-block-uagb-container uagb-block-c2ed96d7\">\n<div class=\"wp-block-uagb-advanced-heading uagb-block-1f05fc82\"><h3 class=\"uagb-heading-text\">Security Cameras\u200b<\/h3><p class=\"uagb-desc-text\">Aliquet non magna non ac neque, praesent ridiculus consectetur pellentesque etiam vel at non, massa sit mattis venenatis, nisl arcu augue quam integer nibh cursus tincidunt a sodales praesent sed dignissim quis sed nulla eget aliquam lectus pellentesque aliquam.\u200b<\/p><\/div>\n\n\n\n<div class=\"wp-block-uagb-container uagb-block-b31a3573\">\n<div class=\"wp-block-uagb-image uagb-block-64436431 wp-block-uagb-image--layout-default wp-block-uagb-image--effect-static wp-block-uagb-image--align-none\"><figure class=\"wp-block-uagb-image__figure\"><img decoding=\"async\"  sizes=\"auto, (max-width: 480px) 150px\" src=\"https:\/\/seguridadaraucania.cl\/wp-content\/uploads\/2021\/05\/security-service-service-img-4.jpg\" alt=\"\" width=\"600\" height=\"400\" title=\"\" loading=\"lazy\"\/><\/figure><\/div>\n<\/div>\n<\/div>\n\n\n\n<div class=\"wp-block-uagb-container uagb-block-0a8f0290\">\n<div class=\"wp-block-uagb-container uagb-block-ea81fbe9\">\n<div class=\"wp-block-uagb-image uagb-block-000d771f wp-block-uagb-image--layout-default wp-block-uagb-image--effect-static wp-block-uagb-image--align-none\"><figure class=\"wp-block-uagb-image__figure\"><img decoding=\"async\"  sizes=\"auto, (max-width: 480px) 150px\" src=\"https:\/\/seguridadaraucania.cl\/wp-content\/uploads\/2021\/05\/security-service-service-img-5.jpg\" alt=\"\" width=\"600\" height=\"400\" title=\"\" loading=\"lazy\"\/><\/figure><\/div>\n<\/div>\n\n\n\n<div class=\"wp-block-uagb-advanced-heading uagb-block-7d00eab4\"><h3 class=\"uagb-heading-text\">Intercom Systems\u200b<\/h3><p class=\"uagb-desc-text\">Nunc libero dui at orci enim justo erat lacus, tellus tempor morbi vitae massa, augue sit egestas pellentesque nunc ut facilisi maecenas sed habitant felis curabitur nunc eros mi sit amet et vitae augue quis lectus tortor laoreet pellentesque at lorem.\u200b<\/p><\/div>\n<\/div>\n\n\n\n<div class=\"wp-block-uagb-container uagb-block-4b7abd7f\">\n<div class=\"wp-block-uagb-advanced-heading uagb-block-01001ca3\"><h3 class=\"uagb-heading-text\">Locksmith Services\u200b<\/h3><p class=\"uagb-desc-text\">Nisi magna elementum tristique in cursus feugiat montes, massa pellentesque id sagittis sit tincidunt turpis volutpat lacus volutpat, ultrices ultrices consequat purus ultrices pretium morbi ultrices amet mattis sagittis egestas in ut in.\u200b<\/p><\/div>\n\n\n\n<div class=\"wp-block-uagb-container uagb-block-4a8202ee\">\n<div class=\"wp-block-uagb-image uagb-block-71e7705f wp-block-uagb-image--layout-default wp-block-uagb-image--effect-static wp-block-uagb-image--align-none\"><figure class=\"wp-block-uagb-image__figure\"><img decoding=\"async\"  sizes=\"auto, (max-width: 480px) 150px\" src=\"https:\/\/seguridadaraucania.cl\/wp-content\/uploads\/2021\/05\/security-service-service-img-6.jpg\" alt=\"\" width=\"600\" height=\"400\" title=\"\" loading=\"lazy\"\/><\/figure><\/div>\n<\/div>\n<\/div>\n<\/div><\/div>\n\n\n\n<div class=\"wp-block-uagb-container uagb-block-0d616c8c alignfull uagb-is-root-container\"><div class=\"uagb-container-inner-blocks-wrap\">\n<div class=\"wp-block-uagb-advanced-heading uagb-block-bf28fc8b\"><h6 class=\"uagb-heading-text\">UNETE A NOSOTROS<\/h6><\/div>\n\n\n\n<div class=\"wp-block-uagb-advanced-heading uagb-block-bd227c50\"><h2 class=\"uagb-heading-text\">Capacitaci\u00f3n en Seguridad Privada<\/h2><\/div>\n\n\n\n<div class=\"wp-block-uagb-buttons uagb-buttons__outer-wrap uagb-btn__default-btn uagb-btn-tablet__default-btn uagb-btn-mobile__default-btn uagb-block-06cacec3\"><div class=\"uagb-buttons__wrap uagb-buttons-layout-wrap\">\n<div class=\"wp-block-uagb-buttons-child uagb-buttons__outer-wrap uagb-block-b75b55d8 wp-block-button\"><div class=\"uagb-button__wrapper\"><a class=\"uagb-buttons-repeater wp-block-button__link\" href=\"#\" onclick=\"return false;\" rel=\"follow noopener\" target=\"_self\"><div class=\"uagb-button__link\">Reg\u00edstrese hoy<\/div><\/a><\/div><\/div>\n<\/div><\/div>\n<\/div><\/div>\n\n\n\n<div class=\"wp-block-uagb-container uagb-block-434ab597 alignfull uagb-is-root-container\"><div class=\"uagb-container-inner-blocks-wrap\">\n<div class=\"wp-block-uagb-container uagb-block-7608d129\">\n<div class=\"wp-block-uagb-info-box uagb-block-7c9380a3 uagb-infobox__content-wrap  uagb-infobox-icon-above-title uagb-infobox-image-valign-top\"><div class=\"uagb-ifb-content\"><div class=\"uagb-ifb-image-content\"><img decoding=\"async\" src=\"http:\/\/seguridadaraucania.cl\/wp-content\/uploads\/2021\/05\/security-service-training-img-1.jpg\" alt=\"\" width=\"600\" height=\"400\" loading=\"lazy\"\/><\/div><div class=\"uagb-ifb-title-wrap\"><h4 class=\"uagb-ifb-title\">Role of a Security Guard\u200b<\/h4><\/div><p class=\"uagb-ifb-desc\">Diam volutpat risus enim purus dapibus amet cras ipsum non vehicula porttitor aliquam quam pulvinar senectus tortor tellus pellentesque fringilla.\u200b<\/p><\/div><\/div>\n\n\n\n<div class=\"wp-block-uagb-info-box uagb-block-c8a22654 uagb-infobox__content-wrap  uagb-infobox-icon-above-title uagb-infobox-image-valign-top\"><div class=\"uagb-ifb-content\"><div class=\"uagb-ifb-image-content\"><img decoding=\"async\" src=\"http:\/\/seguridadaraucania.cl\/wp-content\/uploads\/2021\/05\/security-service-training-img-2.jpg\" alt=\"\" width=\"600\" height=\"400\" loading=\"lazy\"\/><\/div><div class=\"uagb-ifb-title-wrap\"><h4 class=\"uagb-ifb-title\">Crowd Control\u200b<\/h4><\/div><p class=\"uagb-ifb-desc\">Facilisis donec tortor, egestas varius magna orci cras magna lobortis orci fermentum at id sit tellus semper elementum maecenas sit.\u200b<\/p><\/div><\/div>\n\n\n\n<div class=\"wp-block-uagb-info-box uagb-block-c6713566 uagb-infobox__content-wrap  uagb-infobox-icon-above-title uagb-infobox-image-valign-top\"><div class=\"uagb-ifb-content\"><div class=\"uagb-ifb-image-content\"><img decoding=\"async\" src=\"http:\/\/seguridadaraucania.cl\/wp-content\/uploads\/2021\/05\/security-service-training-img-3.jpg\" alt=\"\" width=\"600\" height=\"400\" loading=\"lazy\"\/><\/div><div class=\"uagb-ifb-title-wrap\"><h4 class=\"uagb-ifb-title\">Powers of Arrest\u200b<\/h4><\/div><p class=\"uagb-ifb-desc\">Elit eu auctor amet eget aenean facilisis elit parturient urna, aliquam diam purus, sit fermentum eget sed nunc.\u200b<\/p><\/div><\/div>\n<\/div>\n\n\n\n<div class=\"wp-block-uagb-container uagb-block-0f8a09c4\">\n<div class=\"wp-block-uagb-info-box uagb-block-07bc0334 uagb-infobox__content-wrap  uagb-infobox-icon-above-title uagb-infobox-image-valign-top\"><div class=\"uagb-ifb-content\"><div class=\"uagb-ifb-image-content\"><img decoding=\"async\" src=\"http:\/\/seguridadaraucania.cl\/wp-content\/uploads\/2021\/05\/security-service-training-img-4.jpg\" alt=\"\" width=\"600\" height=\"400\" loading=\"lazy\"\/><\/div><div class=\"uagb-ifb-title-wrap\"><h4 class=\"uagb-ifb-title\">Patrol Techniques\u200b<\/h4><\/div><p class=\"uagb-ifb-desc\">Turpis enim in lorem lorem egestas feugiat cursus sodales platea nibh aliquam metus cras lacinia mi ultrices id ultrices donec.\u200b<\/p><\/div><\/div>\n\n\n\n<div class=\"wp-block-uagb-info-box uagb-block-af04877e uagb-infobox__content-wrap  uagb-infobox-icon-above-title uagb-infobox-image-valign-top\"><div class=\"uagb-ifb-content\"><div class=\"uagb-ifb-image-content\"><img decoding=\"async\" src=\"http:\/\/seguridadaraucania.cl\/wp-content\/uploads\/2021\/05\/security-service-training-img-5.jpg\" alt=\"\" width=\"600\" height=\"400\" loading=\"lazy\"\/><\/div><div class=\"uagb-ifb-title-wrap\"><h4 class=\"uagb-ifb-title\">Use of Force\u200b<\/h4><\/div><p class=\"uagb-ifb-desc\">Id nec eget vulputate in consectetur montes, enim odio lobortis nam fames tempus vitae, malesuada odio orci quisque.\u200b<\/p><\/div><\/div>\n\n\n\n<div class=\"wp-block-uagb-info-box uagb-block-224fb660 uagb-infobox__content-wrap  uagb-infobox-icon-above-title uagb-infobox-image-valign-top\"><div class=\"uagb-ifb-content\"><div class=\"uagb-ifb-image-content\"><img decoding=\"async\" src=\"http:\/\/seguridadaraucania.cl\/wp-content\/uploads\/2021\/05\/security-service-training-img-6.jpg\" alt=\"\" width=\"600\" height=\"400\" loading=\"lazy\"\/><\/div><div class=\"uagb-ifb-title-wrap\"><h4 class=\"uagb-ifb-title\">First Aid\u200b<\/h4><\/div><p class=\"uagb-ifb-desc\">Facilisis ullamcorper faucibus eget vulputate velit ac diam maecenas cursus lobortis massa facilisis amet tellus aliquam.\u200b<\/p><\/div><\/div>\n<\/div>\n<\/div><\/div>\n","protected":false},"excerpt":{"rendered":"<p>Servicios Access Solutions\u200b Pellentesque gravida iaculis amet, amet dignissim netus ac eget porttitor malesuada quisque habitant mauris, sed vestibulum convallis vel dignissim arcu lectus nunc vulputate vitae adipiscing amet nisl ultrices quam mattis blandit.\u200b Alarm Systems\u200b Pharetra nulla netus feugiat lectus sit dictum ut adipiscing commodo at purus sagittis diam ut ut turpis quam in [&hellip;]<\/p>\n","protected":false},"author":1,"featured_media":0,"parent":0,"menu_order":0,"comment_status":"closed","ping_status":"closed","template":"","meta":{"_uag_custom_page_level_css":"","site-sidebar-layout":"no-sidebar","site-content-layout":"plain-container","ast-site-content-layout":"default","site-content-style":"default","site-sidebar-style":"default","ast-global-header-display":"","ast-banner-title-visibility":"","ast-main-header-display":"","ast-hfb-above-header-display":"","ast-hfb-below-header-display":"","ast-hfb-mobile-header-display":"","site-post-title":"disabled","ast-breadcrumbs-content":"disabled","ast-featured-img":"disabled","footer-sml-layout":"","ast-disable-related-posts":"","theme-transparent-header-meta":"enabled","adv-header-id-meta":"","stick-header-meta":"","header-above-stick-meta":"","header-main-stick-meta":"","header-below-stick-meta":"","astra-migrate-meta-layouts":"default","ast-page-background-enabled":"default","ast-page-background-meta":{"desktop":{"background-color":"","background-image":"","background-repeat":"repeat","background-position":"center center","background-size":"auto","background-attachment":"scroll","background-type":"","background-media":"","overlay-type":"","overlay-color":"","overlay-opacity":"","overlay-gradient":""},"tablet":{"background-color":"","background-image":"","background-repeat":"repeat","background-position":"center center","background-size":"auto","background-attachment":"scroll","background-type":"","background-media":"","overlay-type":"","overlay-color":"","overlay-opacity":"","overlay-gradient":""},"mobile":{"background-color":"","background-image":"","background-repeat":"repeat","background-position":"center center","background-size":"auto","background-attachment":"scroll","background-type":"","background-media":"","overlay-type":"","overlay-color":"","overlay-opacity":"","overlay-gradient":""}},"ast-content-background-meta":{"desktop":{"background-color":"var(--ast-global-color-5)","background-image":"","background-repeat":"repeat","background-position":"center center","background-size":"auto","background-attachment":"scroll","background-type":"","background-media":"","overlay-type":"","overlay-color":"","overlay-opacity":"","overlay-gradient":""},"tablet":{"background-color":"var(--ast-global-color-5)","background-image":"","background-repeat":"repeat","background-position":"center center","background-size":"auto","background-attachment":"scroll","background-type":"","background-media":"","overlay-type":"","overlay-color":"","overlay-opacity":"","overlay-gradient":""},"mobile":{"background-color":"var(--ast-global-color-5)","background-image":"","background-repeat":"repeat","background-position":"center center","background-size":"auto","background-attachment":"scroll","background-type":"","background-media":"","overlay-type":"","overlay-color":"","overlay-opacity":"","overlay-gradient":""}},"footnotes":""},"class_list":["post-513","page","type-page","status-publish","hentry"],"uagb_featured_image_src":{"full":false,"thumbnail":false,"medium":false,"medium_large":false,"large":false,"1536x1536":false,"2048x2048":false},"uagb_author_info":{"display_name":"fernando","author_link":"https:\/\/seguridadaraucania.cl\/index.php\/author\/fernando\/"},"uagb_comment_info":0,"uagb_excerpt":"Servicios Access Solutions\u200b Pellentesque gravida iaculis amet, amet dignissim netus ac eget porttitor malesuada quisque habitant mauris, sed vestibulum convallis vel dignissim arcu lectus nunc vulputate vitae adipiscing amet nisl ultrices quam mattis blandit.\u200b Alarm Systems\u200b Pharetra nulla netus feugiat lectus sit dictum ut adipiscing commodo at purus sagittis diam ut ut turpis quam in&hellip;","_links":{"self":[{"href":"https:\/\/seguridadaraucania.cl\/index.php\/wp-json\/wp\/v2\/pages\/513","targetHints":{"allow":["GET"]}}],"collection":[{"href":"https:\/\/seguridadaraucania.cl\/index.php\/wp-json\/wp\/v2\/pages"}],"about":[{"href":"https:\/\/seguridadaraucania.cl\/index.php\/wp-json\/wp\/v2\/types\/page"}],"author":[{"embeddable":true,"href":"https:\/\/seguridadaraucania.cl\/index.php\/wp-json\/wp\/v2\/users\/1"}],"replies":[{"embeddable":true,"href":"https:\/\/seguridadaraucania.cl\/index.php\/wp-json\/wp\/v2\/comments?post=513"}],"version-history":[{"count":7,"href":"https:\/\/seguridadaraucania.cl\/index.php\/wp-json\/wp\/v2\/pages\/513\/revisions"}],"predecessor-version":[{"id":1086,"href":"https:\/\/seguridadaraucania.cl\/index.php\/wp-json\/wp\/v2\/pages\/513\/revisions\/1086"}],"wp:attachment":[{"href":"https:\/\/seguridadaraucania.cl\/index.php\/wp-json\/wp\/v2\/media?parent=513"}],"curies":[{"name":"wp","href":"https:\/\/api.w.org\/{rel}","templated":true}]}}